{"id":82,"date":"2012-05-03T21:23:42","date_gmt":"2012-05-03T21:23:42","guid":{"rendered":"http:\/\/dungeondigger.com\/?page_id=82"},"modified":"2021-02-14T19:40:47","modified_gmt":"2021-02-14T18:40:47","slug":"wird-wohl-ne-grosere-runde","status":"publish","type":"page","link":"https:\/\/munich-munich.com\/?page_id=82","title":{"rendered":"Wird wohl ne gr\u00f6\u00dfere Runde"},"content":{"rendered":"<p>&#8230;dachte sich meine Maschine, als sie sich so wiederfand.<br \/>\nEigentlich habe ich jetzt ALLES dabei&#8230;au\u00dfer Waschmaschine, K\u00fchlschrank und Satellitensch\u00fcssel. &#8230;und wie ich in Prag feststellen musste: KEINE Kreditkarte! \ud83d\ude41<\/p>\n<p><a href=\"https:\/\/i0.wp.com\/dungeondigger.com\/wp-content\/uploads\/2012\/05\/20120503-232525.jpg\"><img decoding=\"async\" class=\"alignnone size-full\" src=\"https:\/\/i0.wp.com\/dungeondigger.com\/wp-content\/uploads\/2012\/05\/20120503-232525.jpg?w=525\" alt=\"20120503-232525.jpg\" data-recalc-dims=\"1\" \/><\/a><\/p>\n","protected":false},"excerpt":{"rendered":"<p>&#8230;dachte sich meine Maschine, als sie sich so wiederfand. Eigentlich habe ich jetzt ALLES dabei&#8230;au\u00dfer Waschmaschine, K\u00fchlschrank und Satellitensch\u00fcssel. &#8230;und wie ich in Prag feststellen musste: KEINE Kreditkarte! \ud83d\ude41<\/p>\n","protected":false},"author":2,"featured_media":0,"parent":0,"menu_order":0,"comment_status":"open","ping_status":"open","template":"","meta":{"footnotes":""},"jetpack_sharing_enabled":true,"_links":{"self":[{"href":"https:\/\/munich-munich.com\/index.php?rest_route=\/wp\/v2\/pages\/82"}],"collection":[{"href":"https:\/\/munich-munich.com\/index.php?rest_route=\/wp\/v2\/pages"}],"about":[{"href":"https:\/\/munich-munich.com\/index.php?rest_route=\/wp\/v2\/types\/page"}],"author":[{"embeddable":true,"href":"https:\/\/munich-munich.com\/index.php?rest_route=\/wp\/v2\/users\/2"}],"replies":[{"embeddable":true,"href":"https:\/\/munich-munich.com\/index.php?rest_route=%2Fwp%2Fv2%2Fcomments&post=82"}],"version-history":[{"count":2,"href":"https:\/\/munich-munich.com\/index.php?rest_route=\/wp\/v2\/pages\/82\/revisions"}],"predecessor-version":[{"id":1336,"href":"https:\/\/munich-munich.com\/index.php?rest_route=\/wp\/v2\/pages\/82\/revisions\/1336"}],"wp:attachment":[{"href":"https:\/\/munich-munich.com\/index.php?rest_route=%2Fwp%2Fv2%2Fmedia&parent=82"}],"curies":[{"name":"wp","href":"https:\/\/api.w.org\/{rel}","templated":true}]}}